{"id":72,"date":"2019-11-20T17:20:55","date_gmt":"2019-11-20T22:20:55","guid":{"rendered":"http:\/\/aideauxrenos.com\/?page_id=72"},"modified":"2019-12-05T14:56:04","modified_gmt":"2019-12-05T19:56:04","slug":"a-propos-de","status":"publish","type":"page","link":"https:\/\/aideauxrenos.com\/index.php\/a-propos-de\/","title":{"rendered":"\u00c0 propos de nous"},"content":{"rendered":"<h4><span style=\"color: #004275;\"><strong>Vous d\u00e9sirez r\u00e9nover? <\/strong><\/span><span style=\"color: #004275;\"><strong>Construire?<\/strong><\/span><\/h4>\n<h4><span style=\"color: #004275;\"><strong>Vous \u00eates d\u00e9j\u00e0 tr\u00e8s occup\u00e9s et ne savez pas par quel bout commencer?<\/strong><\/span><\/h4>\n<h4><span style=\"color: #004275;\"><strong>Nous vous offrons une solution cl\u00e9 en main.<\/strong><\/span><\/h4>\n<p style=\"text-align: left;\"><span style=\"color: #004275;\">Ne vous cassez pas la t\u00eate sur un projet quand se n&rsquo;est pas votre expertise. Dites nous ce que vous voulez et laissez nous le plaisir de le r\u00e9aliser pour vous en toute qui\u00e9tude.<\/span><\/p>\n\n\n<figure class=\"wp-block-gallery alignwide columns-2 is-cropped\"><ul class=\"blocks-gallery-grid\"><li class=\"blocks-gallery-item\"><figure><img loading=\"lazy\" width=\"1024\" height=\"770\" src=\"http:\/\/aideauxrenos.com\/wp-content\/uploads\/2019\/12\/casfem-3.jpg\" alt=\"\" data-id=\"201\" data-link=\"http:\/\/aideauxrenos.com\/index.php\/a-propos-de\/casfem-3\/\" class=\"wp-image-201\" srcset=\"https:\/\/aideauxrenos.com\/wp-content\/uploads\/2019\/12\/casfem-3.jpg 1024w, https:\/\/aideauxrenos.com\/wp-content\/uploads\/2019\/12\/casfem-3-300x226.jpg 300w, https:\/\/aideauxrenos.com\/wp-content\/uploads\/2019\/12\/casfem-3-768x578.jpg 768w\" sizes=\"(max-width: 1024px) 100vw, 1024px\" \/><\/figure><\/li><li class=\"blocks-gallery-item\"><figure><img loading=\"lazy\" width=\"800\" height=\"533\" src=\"http:\/\/aideauxrenos.com\/wp-content\/uploads\/2019\/12\/cashom-4.jpg\" alt=\"\" data-id=\"202\" data-link=\"http:\/\/aideauxrenos.com\/index.php\/a-propos-de\/cashom-4\/\" class=\"wp-image-202\" srcset=\"https:\/\/aideauxrenos.com\/wp-content\/uploads\/2019\/12\/cashom-4.jpg 800w, https:\/\/aideauxrenos.com\/wp-content\/uploads\/2019\/12\/cashom-4-300x200.jpg 300w, https:\/\/aideauxrenos.com\/wp-content\/uploads\/2019\/12\/cashom-4-768x512.jpg 768w\" sizes=\"(max-width: 800px) 100vw, 800px\" \/><\/figure><\/li><\/ul><\/figure>\n\n\n\n<div class=\"wp-block-media-text alignwide has-media-on-the-right is-stacked-on-mobile is-image-fill\"><figure class=\"wp-block-media-text__media\" style=\"background-image:url(http:\/\/aideauxrenos.com\/wp-content\/uploads\/2019\/12\/homm.jpg);background-position:50% 50%\"><img loading=\"lazy\" width=\"650\" height=\"433\" src=\"http:\/\/aideauxrenos.com\/wp-content\/uploads\/2019\/12\/homm.jpg\" alt=\"\" class=\"wp-image-242\" srcset=\"https:\/\/aideauxrenos.com\/wp-content\/uploads\/2019\/12\/homm.jpg 650w, https:\/\/aideauxrenos.com\/wp-content\/uploads\/2019\/12\/homm-300x200.jpg 300w\" sizes=\"(max-width: 650px) 100vw, 650px\" \/><\/figure><div class=\"wp-block-media-text__content\">\n<p style=\"color:#004275\" class=\"has-text-color has-large-font-size\"><strong>A chacun son m\u00e9tier.<\/strong> <\/p>\n\n\n\n<p style=\"color:#004275\" class=\"has-text-color has-large-font-size\"><strong>Confiez vos besoins et votre projet \u00e0 nos experts<\/strong>\u00a0 <\/p>\n\n\n\n<p style=\"color:#004275\" class=\"has-text-color has-large-font-size\">Nos services vous permettent d&rsquo;\u00e9conomiser temps, \u00e9nergie et argent, en  \u00e9vitant les extras dues aux travaux interminables. Nous vous offrons un  suivi assidu du d\u00e9but jusqu&rsquo;a la fin votre objectif d\u00e9sir\u00e9. <\/p>\n<\/div><\/div>\n\n\n\n<div class=\"wp-block-media-text alignwide has-media-on-the-right is-stacked-on-mobile is-image-fill\" style=\"grid-template-columns:auto 47%\"><figure class=\"wp-block-media-text__media\" style=\"background-image:url(http:\/\/aideauxrenos.com\/wp-content\/uploads\/2019\/12\/hand-sheik-1.jpg);background-position:50% 50%\"><img loading=\"lazy\" width=\"506\" height=\"336\" src=\"http:\/\/aideauxrenos.com\/wp-content\/uploads\/2019\/12\/hand-sheik-1.jpg\" alt=\"\" class=\"wp-image-203\" srcset=\"https:\/\/aideauxrenos.com\/wp-content\/uploads\/2019\/12\/hand-sheik-1.jpg 506w, https:\/\/aideauxrenos.com\/wp-content\/uploads\/2019\/12\/hand-sheik-1-300x199.jpg 300w\" sizes=\"(max-width: 506px) 100vw, 506px\" \/><\/figure><div class=\"wp-block-media-text__content\">\n<p style=\"color:#004275;font-size:25.25px\" class=\"has-text-color\"><strong>Vous paix d&rsquo;esprit est importante pour nous.<\/strong><\/p>\n\n\n\n<p style=\"color:#004275;font-size:25.25px\" class=\"has-text-color\">Nos experts hautement qualifi\u00e9s en gestion de projet, poss\u00e8dent un large inventaire de contracteurs et sous-contractants, professionnels en architecture, design int\u00e9rieur, &nbsp;home staging, ainsi que tout les quarts de m\u00e9tiers qui s&rsquo;imposent \u00e0 votre r\u00e9novation ou nouvelle construction.<\/p>\n<\/div><\/div>\n\n\n\n<div class=\"wp-block-group alignfull\"><div class=\"wp-block-group__inner-container\"><\/div><\/div>\n","protected":false},"excerpt":{"rendered":"<p>Vous d\u00e9sirez r\u00e9nover? Construire? Vous \u00eates d\u00e9j\u00e0 tr\u00e8s occup\u00e9s et ne savez pas par quel bout commencer? Nous vous offrons une solution cl\u00e9 en main. Ne vous cassez pas la t\u00eate sur un projet quand se n&rsquo;est pas votre expertise. Dites nous ce que vous voulez et laissez nous le plaisir de le r\u00e9aliser pour [&hellip;]<\/p>\n","protected":false},"author":1,"featured_media":0,"parent":0,"menu_order":0,"comment_status":"closed","ping_status":"closed","template":"","meta":[],"_links":{"self":[{"href":"https:\/\/aideauxrenos.com\/index.php\/wp-json\/wp\/v2\/pages\/72"}],"collection":[{"href":"https:\/\/aideauxrenos.com\/index.php\/wp-json\/wp\/v2\/pages"}],"about":[{"href":"https:\/\/aideauxrenos.com\/index.php\/wp-json\/wp\/v2\/types\/page"}],"author":[{"embeddable":true,"href":"https:\/\/aideauxrenos.com\/index.php\/wp-json\/wp\/v2\/users\/1"}],"replies":[{"embeddable":true,"href":"https:\/\/aideauxrenos.com\/index.php\/wp-json\/wp\/v2\/comments?post=72"}],"version-history":[{"count":20,"href":"https:\/\/aideauxrenos.com\/index.php\/wp-json\/wp\/v2\/pages\/72\/revisions"}],"predecessor-version":[{"id":258,"href":"https:\/\/aideauxrenos.com\/index.php\/wp-json\/wp\/v2\/pages\/72\/revisions\/258"}],"wp:attachment":[{"href":"https:\/\/aideauxrenos.com\/index.php\/wp-json\/wp\/v2\/media?parent=72"}],"curies":[{"name":"wp","href":"https:\/\/api.w.org\/{rel}","templated":true}]}}