{"id":172,"date":"2019-12-03T14:52:21","date_gmt":"2019-12-03T19:52:21","guid":{"rendered":"http:\/\/aideauxrenos.com\/?page_id=172"},"modified":"2019-12-05T15:02:00","modified_gmt":"2019-12-05T20:02:00","slug":"mentora-pour-votre-projet","status":"publish","type":"page","link":"https:\/\/aideauxrenos.com\/index.php\/mentora-pour-votre-projet\/","title":{"rendered":"Mentora pour votre projet"},"content":{"rendered":"<h4 style=\"text-align: center;\"><strong><span style=\"color: #004275;\">\u00abPar ou on commencer\u00bb?<\/span><\/strong><\/h4>\n\n\n<p style=\"color:#004275\" class=\"has-text-color\">La question est souvent la m\u00eame. Vous avez un projet en t\u00eate,\nmais r\u00e9nover ou construire n&rsquo;est vraiment votre domaine. <\/p>\n\n\n\n<p style=\"color:#004275\" class=\"has-text-color\">Nous vous offrons un syst\u00e8me de mentora de projet qui vous permet de r\u00e9aliser vos id\u00e9es tout en vous remettant \u00e0 nos experts du d\u00e9but \u00e0 la fin. Finit les probl\u00e8mes d&rsquo;extras et de surplus non-planifi\u00e9s, qui souvent sont la cause de bien des maux de t\u00eate dans ce domaine. <\/p>\n\n\n\n<div class=\"wp-block-button\"><a class=\"wp-block-button__link has-background\" href=\"http:\/\/aideauxrenos.com\/index.php\/recevoir-de-linfo\/\" style=\"background-color:#004275\">Demande de soumission<\/a><\/div>\n","protected":false},"excerpt":{"rendered":"<p>\u00abPar ou on commencer\u00bb? La question est souvent la m\u00eame. Vous avez un projet en t\u00eate, mais r\u00e9nover ou construire n&rsquo;est vraiment votre domaine. Nous vous offrons un syst\u00e8me de mentora de projet qui vous permet de r\u00e9aliser vos id\u00e9es tout en vous remettant \u00e0 nos experts du d\u00e9but \u00e0 la fin. Finit les probl\u00e8mes [&hellip;]<\/p>\n","protected":false},"author":1,"featured_media":0,"parent":0,"menu_order":0,"comment_status":"closed","ping_status":"closed","template":"","meta":[],"_links":{"self":[{"href":"https:\/\/aideauxrenos.com\/index.php\/wp-json\/wp\/v2\/pages\/172"}],"collection":[{"href":"https:\/\/aideauxrenos.com\/index.php\/wp-json\/wp\/v2\/pages"}],"about":[{"href":"https:\/\/aideauxrenos.com\/index.php\/wp-json\/wp\/v2\/types\/page"}],"author":[{"embeddable":true,"href":"https:\/\/aideauxrenos.com\/index.php\/wp-json\/wp\/v2\/users\/1"}],"replies":[{"embeddable":true,"href":"https:\/\/aideauxrenos.com\/index.php\/wp-json\/wp\/v2\/comments?post=172"}],"version-history":[{"count":7,"href":"https:\/\/aideauxrenos.com\/index.php\/wp-json\/wp\/v2\/pages\/172\/revisions"}],"predecessor-version":[{"id":260,"href":"https:\/\/aideauxrenos.com\/index.php\/wp-json\/wp\/v2\/pages\/172\/revisions\/260"}],"wp:attachment":[{"href":"https:\/\/aideauxrenos.com\/index.php\/wp-json\/wp\/v2\/media?parent=172"}],"curies":[{"name":"wp","href":"https:\/\/api.w.org\/{rel}","templated":true}]}}