{"id":113,"date":"2019-11-20T19:55:16","date_gmt":"2019-11-21T00:55:16","guid":{"rendered":"http:\/\/aideauxrenos.com\/?page_id=113"},"modified":"2019-12-05T15:05:55","modified_gmt":"2019-12-05T20:05:55","slug":"nos-services","status":"publish","type":"page","link":"https:\/\/aideauxrenos.com\/index.php\/nos-services\/","title":{"rendered":"Nos services"},"content":{"rendered":"\n<div class=\"wp-block-group\"><div class=\"wp-block-group__inner-container\">\n<h2 class=\"has-text-color\" style=\"color:#004275\">\u00c9valuation des couts:<\/h2>\n<\/div><\/div>\n\n\n\n<p style=\"color:#004275\" class=\"has-text-color\">Vous h\u00e9sitez \u00e0 entreprendre votre projet?&nbsp; Vous avez le gout de r\u00e9nover, mais n&rsquo;avez aucune id\u00e9e \u00e0 quoi vous faites face?&nbsp; Une premi\u00e8re visite par nos experts peut mieux vous \u00e9clairer.<\/p>\n\n\n\n<h2 class=\"has-text-color\" style=\"color:#004275\">Service de soumission:<\/h2>\n\n\n\n<p style=\"color:#004275\" class=\"has-text-color\">Nous vous offrons la possibilit\u00e9 de g\u00e9rer votre projet de A \u00e0 Z. En commen\u00e7ant par aller chercher chez diverses entrepreneurs fiables et certifi\u00e9s, les soumissions n\u00e9cessaires \u00e0 la r\u00e9alisation de celui-ci. Vous n&rsquo;aurez qu&rsquo;\u00e0 faire votre choix parmi eux.<\/p>\n\n\n\n<h2 class=\"has-text-color\" style=\"color:#004275\">Financement:<\/h2>\n\n\n\n<p style=\"color:#004275\" class=\"has-text-color\">M\u00eame si vous \u00eates en mesure d&rsquo;assumer les couts de vos r\u00e9novations, parfois il est l&rsquo;\u00e9chelonner sur plusieurs mois \u00e0 un faible int\u00e9r\u00eat, vous rendrait la vie moins difficile. Nous pouvons vous aider \u00e0 ce que vos r\u00e9novations ne soient pas un trou b\u00e9ant dans votre portefeuille. Nos experts en financement, vous aiderons \u00e0 faire votre demande et vous guideront le chemin.&nbsp; ( lien pour formulaire)<\/p>\n\n\n\n<h2 class=\"has-text-color\" style=\"color:#004275\">Design:<\/h2>\n\n\n\n<p style=\"color:#004275\" class=\"has-text-color\">Nos professionnels exp\u00e9riment\u00e9s en design vous offrons un services personnalis\u00e9, selon vos gouts et votre d\u00e9sir de vous investir.<\/p>\n","protected":false},"excerpt":{"rendered":"<p>\u00c9valuation des couts: Vous h\u00e9sitez \u00e0 entreprendre votre projet?&nbsp; Vous avez le gout de r\u00e9nover, mais n&rsquo;avez aucune id\u00e9e \u00e0 quoi vous faites face?&nbsp; Une premi\u00e8re visite par nos experts peut mieux vous \u00e9clairer. Service de soumission: Nous vous offrons la possibilit\u00e9 de g\u00e9rer votre projet de A \u00e0 Z. En commen\u00e7ant par aller chercher [&hellip;]<\/p>\n","protected":false},"author":1,"featured_media":0,"parent":0,"menu_order":0,"comment_status":"closed","ping_status":"closed","template":"","meta":[],"_links":{"self":[{"href":"https:\/\/aideauxrenos.com\/index.php\/wp-json\/wp\/v2\/pages\/113"}],"collection":[{"href":"https:\/\/aideauxrenos.com\/index.php\/wp-json\/wp\/v2\/pages"}],"about":[{"href":"https:\/\/aideauxrenos.com\/index.php\/wp-json\/wp\/v2\/types\/page"}],"author":[{"embeddable":true,"href":"https:\/\/aideauxrenos.com\/index.php\/wp-json\/wp\/v2\/users\/1"}],"replies":[{"embeddable":true,"href":"https:\/\/aideauxrenos.com\/index.php\/wp-json\/wp\/v2\/comments?post=113"}],"version-history":[{"count":3,"href":"https:\/\/aideauxrenos.com\/index.php\/wp-json\/wp\/v2\/pages\/113\/revisions"}],"predecessor-version":[{"id":261,"href":"https:\/\/aideauxrenos.com\/index.php\/wp-json\/wp\/v2\/pages\/113\/revisions\/261"}],"wp:attachment":[{"href":"https:\/\/aideauxrenos.com\/index.php\/wp-json\/wp\/v2\/media?parent=113"}],"curies":[{"name":"wp","href":"https:\/\/api.w.org\/{rel}","templated":true}]}}